{"id":37,"date":"2024-11-30T20:37:02","date_gmt":"2024-11-30T20:37:02","guid":{"rendered":"https:\/\/oasisaquamarine.com.br\/?page_id=37"},"modified":"2024-12-22T15:37:26","modified_gmt":"2024-12-22T18:37:26","slug":"localizacao","status":"publish","type":"page","link":"https:\/\/oasisaquamarine.com.br\/?page_id=37","title":{"rendered":"Casa Temporada Peruibe Localiza\u00e7\u00e3o"},"content":{"rendered":"\t\t<div data-elementor-type=\"wp-page\" data-elementor-id=\"37\" class=\"elementor elementor-37\">\n\t\t\t\t<div class=\"elementor-element elementor-element-18233e1 e-flex e-con-boxed e-con e-parent\" data-id=\"18233e1\" data-element_type=\"container\" data-e-type=\"container\" data-settings=\"{&quot;background_background&quot;:&quot;classic&quot;}\">\n\t\t\t\t\t<div class=\"e-con-inner\">\n\t\t\t\t<div class=\"elementor-element elementor-element-e70c727 elementor-widget__width-initial elementor-widget elementor-widget-google_maps\" data-id=\"e70c727\" data-element_type=\"widget\" data-e-type=\"widget\" data-widget_type=\"google_maps.default\">\n\t\t\t\t<div class=\"elementor-widget-container\">\n\t\t\t\t\t\t\t<div class=\"elementor-custom-embed\">\n\t\t\t<iframe loading=\"lazy\"\n\t\t\t\t\tsrc=\"https:\/\/maps.google.com\/maps?q=Rua%20Em%C3%ADlio%20Justo%2C%20800%20Peru%C3%ADbe%20&#038;t=m&#038;z=14&#038;output=embed&#038;iwloc=near\"\n\t\t\t\t\ttitle=\"Rua Em\u00edlio Justo, 800 Peru\u00edbe \"\n\t\t\t\t\taria-label=\"Rua Em\u00edlio Justo, 800 Peru\u00edbe \"\n\t\t\t><\/iframe>\n\t\t<\/div>\n\t\t\t\t\t\t<\/div>\n\t\t\t\t<\/div>\n\t\t\t\t\t<\/div>\n\t\t\t\t<\/div>\n\t\t<div class=\"elementor-element elementor-element-b899f73 e-flex e-con-boxed e-con e-parent\" data-id=\"b899f73\" data-element_type=\"container\" data-e-type=\"container\">\n\t\t\t\t\t<div class=\"e-con-inner\">\n\t\t\t\t<div class=\"elementor-element elementor-element-ddc4e3a elementor-widget__width-initial elementor-widget elementor-widget-heading\" data-id=\"ddc4e3a\" data-element_type=\"widget\" data-e-type=\"widget\" data-widget_type=\"heading.default\">\n\t\t\t\t<div class=\"elementor-widget-container\">\n\t\t\t\t\t<h2 class=\"elementor-heading-title elementor-size-default\">Como chegar<\/h2>\t\t\t\t<\/div>\n\t\t\t\t<\/div>\n\t\t\t\t<div class=\"elementor-element elementor-element-85e590f elementor-widget__width-initial elementor-widget elementor-widget-text-editor\" data-id=\"85e590f\" data-element_type=\"widget\" data-e-type=\"widget\" data-widget_type=\"text-editor.default\">\n\t\t\t\t<div class=\"elementor-widget-container\">\n\t\t\t\t\t\t\t\t\t<div class=\"flex-shrink-0 flex flex-col relative items-end\"><div class=\"pt-0\" style=\"text-align: justify;\"><p><strong>De carro<\/strong><\/p><p>A Rua Em\u00edlio Justo, Parque Balne\u00e1rio O\u00e1sis, Peru\u00edbe, pode ser facilmente acessada por ve\u00edculo pr\u00f3prio. A partir de S\u00e3o Paulo, siga pela Rodovia dos Imigrantes ou Anchieta at\u00e9 Peru\u00edbe. Ao chegar na cidade, siga as indica\u00e7\u00f5es para o Balne\u00e1rio O\u00e1sis. A rua \u00e9 bem sinalizada e de f\u00e1cil acesso, pr\u00f3ximo ao n\u00famero 6.200 da Av. Pe. Anchieta.<br \/><br \/><\/p><p><strong>De \u00f4nibus<\/strong><\/p><p>Diversas empresas de \u00f4nibus intermunicipais realizam o trajeto entre S\u00e3o Paulo e a Rodovi\u00e1ria de Peru\u00edbe. Consulte os hor\u00e1rios e empresas dispon\u00edveis nos terminais rodovi\u00e1rios ou em aplicativos de busca de passagens. Ao chegar \u00e0 rodovi\u00e1ria de Peru\u00edbe, voc\u00ea pode pegar um t\u00e1xi ou Ubiz Car ou \u00f4nibus urbano com destino ao Balne\u00e1rio O\u00e1sis. Para maior comodidade, recomendamos consultar mapas e aplicativos de transporte p\u00fablico para verificar as linhas dispon\u00edveis e as melhores rotas.<\/p><\/div><\/div>\t\t\t\t\t\t\t\t<\/div>\n\t\t\t\t<\/div>\n\t\t\t\t\t<\/div>\n\t\t\t\t<\/div>\n\t\t<div class=\"elementor-element elementor-element-199198e e-flex e-con-boxed e-con e-parent\" data-id=\"199198e\" data-element_type=\"container\" data-e-type=\"container\" data-settings=\"{&quot;background_background&quot;:&quot;classic&quot;}\">\n\t\t\t\t\t<div class=\"e-con-inner\">\n\t\t\t\t<div class=\"elementor-element elementor-element-ab95c41 elementor-widget__width-initial elementor-widget elementor-widget-heading\" data-id=\"ab95c41\" data-element_type=\"widget\" data-e-type=\"widget\" data-widget_type=\"heading.default\">\n\t\t\t\t<div class=\"elementor-widget-container\">\n\t\t\t\t\t<h2 class=\"elementor-heading-title elementor-size-default\">Tudo perto de voc\u00ea<\/h2>\t\t\t\t<\/div>\n\t\t\t\t<\/div>\n\t\t<div class=\"elementor-element elementor-element-9ccf7b8 e-con-full e-flex e-con e-child\" data-id=\"9ccf7b8\" data-element_type=\"container\" data-e-type=\"container\">\n\t\t<div class=\"elementor-element elementor-element-95f7d98 e-con-full e-flex e-con e-child\" data-id=\"95f7d98\" data-element_type=\"container\" data-e-type=\"container\">\n\t\t\t\t<div class=\"elementor-element elementor-element-2dc9d0c elementor-widget elementor-widget-heading\" data-id=\"2dc9d0c\" data-element_type=\"widget\" data-e-type=\"widget\" data-widget_type=\"heading.default\">\n\t\t\t\t<div class=\"elementor-widget-container\">\n\t\t\t\t\t<h4 class=\"elementor-heading-title elementor-size-default\">Farm\u00e1cias<\/h4>\t\t\t\t<\/div>\n\t\t\t\t<\/div>\n\t\t\t\t<div class=\"elementor-element elementor-element-d56b694 elementor-widget elementor-widget-text-editor\" data-id=\"d56b694\" data-element_type=\"widget\" data-e-type=\"widget\" data-widget_type=\"text-editor.default\">\n\t\t\t\t<div class=\"elementor-widget-container\">\n\t\t\t\t\t\t\t\t\t<p><strong>Farm\u00e1cia Droga Raia<\/strong><br \/>AV Padre Anchieta, S\/N<br \/>F (13)-99689-7994<\/p><p><strong>Farm\u00e1cia Droga Praia<\/strong><br \/>Av :Padre Anchieta,7364-Josedy<br \/>Delivery (13) 99636-6301<\/p><p>\u00a0<\/p>\t\t\t\t\t\t\t\t<\/div>\n\t\t\t\t<\/div>\n\t\t\t\t<\/div>\n\t\t<div class=\"elementor-element elementor-element-d51831b e-con-full e-flex e-con e-child\" data-id=\"d51831b\" data-element_type=\"container\" data-e-type=\"container\">\n\t\t\t\t<div class=\"elementor-element elementor-element-bfd57a3 elementor-widget elementor-widget-heading\" data-id=\"bfd57a3\" data-element_type=\"widget\" data-e-type=\"widget\" data-widget_type=\"heading.default\">\n\t\t\t\t<div class=\"elementor-widget-container\">\n\t\t\t\t\t<h4 class=\"elementor-heading-title elementor-size-default\">Padarias<\/h4>\t\t\t\t<\/div>\n\t\t\t\t<\/div>\n\t\t\t\t<div class=\"elementor-element elementor-element-b46d2ac elementor-widget elementor-widget-text-editor\" data-id=\"b46d2ac\" data-element_type=\"widget\" data-e-type=\"widget\" data-widget_type=\"text-editor.default\">\n\t\t\t\t<div class=\"elementor-widget-container\">\n\t\t\t\t\t\t\t\t\t<p><strong>Padaria P\u00e3o de ma\u00e7\u00e3<\/strong><br \/>Av: Padre Anchieta,4388<\/p><p><strong>Padaria do Nei<\/strong><br \/>Av: Padre Anchieta,6058<\/p><p><strong>Padaria Peg P\u00e3o<\/strong><br \/>Av: Padre Anchieta,4973<\/p>\t\t\t\t\t\t\t\t<\/div>\n\t\t\t\t<\/div>\n\t\t\t\t<\/div>\n\t\t<div class=\"elementor-element elementor-element-e9d0e35 e-con-full e-flex e-con e-child\" data-id=\"e9d0e35\" data-element_type=\"container\" data-e-type=\"container\">\n\t\t\t\t<div class=\"elementor-element elementor-element-814dd84 elementor-widget elementor-widget-heading\" data-id=\"814dd84\" data-element_type=\"widget\" data-e-type=\"widget\" data-widget_type=\"heading.default\">\n\t\t\t\t<div class=\"elementor-widget-container\">\n\t\t\t\t\t<h4 class=\"elementor-heading-title elementor-size-default\">Supermercados<\/h4>\t\t\t\t<\/div>\n\t\t\t\t<\/div>\n\t\t\t\t<div class=\"elementor-element elementor-element-dc646fa elementor-widget elementor-widget-text-editor\" data-id=\"dc646fa\" data-element_type=\"widget\" data-e-type=\"widget\" data-widget_type=\"text-editor.default\">\n\t\t\t\t<div class=\"elementor-widget-container\">\n\t\t\t\t\t\t\t\t\t<p><strong>Extra supermercado<\/strong><br \/>Av Padre Anchieta ,4580<\/p><p><strong>Krill supermercado<\/strong><br \/>Av: Luciano de Bona,2027<\/p>\t\t\t\t\t\t\t\t<\/div>\n\t\t\t\t<\/div>\n\t\t\t\t<\/div>\n\t\t\t\t<\/div>\n\t\t\t\t\t<\/div>\n\t\t\t\t<\/div>\n\t\t<div class=\"elementor-element elementor-element-219efef e-flex e-con-boxed e-con e-parent\" data-id=\"219efef\" data-element_type=\"container\" data-e-type=\"container\" data-settings=\"{&quot;background_background&quot;:&quot;classic&quot;}\">\n\t\t\t\t\t<div class=\"e-con-inner\">\n\t\t\t\t<div class=\"elementor-element elementor-element-4240881a elementor-align-center elementor-widget__width-initial elementor-widget elementor-widget-button\" data-id=\"4240881a\" data-element_type=\"widget\" data-e-type=\"widget\" data-widget_type=\"button.default\">\n\t\t\t\t<div class=\"elementor-widget-container\">\n\t\t\t\t\t\t\t\t\t<div class=\"elementor-button-wrapper\">\n\t\t\t\t\t<a class=\"elementor-button elementor-button-link elementor-size-sm\" href=\"https:\/\/airbnb.com.br\/h\/praiaaquamarineoasis\">\n\t\t\t\t\t\t<span class=\"elementor-button-content-wrapper\">\n\t\t\t\t\t\t\t\t\t<span class=\"elementor-button-text\">Reserve J\u00e1<\/span>\n\t\t\t\t\t<\/span>\n\t\t\t\t\t<\/a>\n\t\t\t\t<\/div>\n\t\t\t\t\t\t\t\t<\/div>\n\t\t\t\t<\/div>\n\t\t\t\t\t<\/div>\n\t\t\t\t<\/div>\n\t\t\t\t<\/div>\n\t\t","protected":false},"excerpt":{"rendered":"<p>Como chegar De carro A Rua Em\u00edlio Justo, Parque Balne\u00e1rio O\u00e1sis, Peru\u00edbe, pode ser facilmente acessada por ve\u00edculo pr\u00f3prio. A partir de S\u00e3o Paulo, siga pela Rodovia dos Imigrantes ou Anchieta at\u00e9 Peru\u00edbe. Ao chegar na cidade, siga as indica\u00e7\u00f5es para o Balne\u00e1rio O\u00e1sis. A rua \u00e9 bem sinalizada e de f\u00e1cil acesso, pr\u00f3ximo ao [&hellip;]<\/p>\n","protected":false},"author":1,"featured_media":0,"parent":0,"menu_order":0,"comment_status":"closed","ping_status":"closed","template":"elementor_canvas","meta":{"om_disable_all_campaigns":false,"_monsterinsights_skip_tracking":false,"_monsterinsights_sitenote_active":false,"_monsterinsights_sitenote_note":"","_monsterinsights_sitenote_category":0,"footnotes":""},"class_list":["post-37","page","type-page","status-publish","hentry"],"aioseo_notices":[],"_links":{"self":[{"href":"https:\/\/oasisaquamarine.com.br\/index.php?rest_route=\/wp\/v2\/pages\/37","targetHints":{"allow":["GET"]}}],"collection":[{"href":"https:\/\/oasisaquamarine.com.br\/index.php?rest_route=\/wp\/v2\/pages"}],"about":[{"href":"https:\/\/oasisaquamarine.com.br\/index.php?rest_route=\/wp\/v2\/types\/page"}],"author":[{"embeddable":true,"href":"https:\/\/oasisaquamarine.com.br\/index.php?rest_route=\/wp\/v2\/users\/1"}],"replies":[{"embeddable":true,"href":"https:\/\/oasisaquamarine.com.br\/index.php?rest_route=%2Fwp%2Fv2%2Fcomments&post=37"}],"version-history":[{"count":0,"href":"https:\/\/oasisaquamarine.com.br\/index.php?rest_route=\/wp\/v2\/pages\/37\/revisions"}],"wp:attachment":[{"href":"https:\/\/oasisaquamarine.com.br\/index.php?rest_route=%2Fwp%2Fv2%2Fmedia&parent=37"}],"curies":[{"name":"wp","href":"https:\/\/api.w.org\/{rel}","templated":true}]}}